{"id":14874,"date":"2024-11-20T03:07:34","date_gmt":"2024-11-20T06:07:34","guid":{"rendered":"https:\/\/bartolomeulisandro.com.br\/bartolosistema\/?page_id=14874"},"modified":"2024-11-21T17:07:07","modified_gmt":"2024-11-21T20:07:07","slug":"relato-de-prevencao-relprev","status":"publish","type":"page","link":"https:\/\/bartolomeulisandro.com.br\/bartolosistema\/relato-de-prevencao-relprev\/","title":{"rendered":"Relato de Preven\u00e7\u00e3o (RELPREV)"},"content":{"rendered":"\t\t<div data-elementor-type=\"wp-page\" data-elementor-id=\"14874\" class=\"elementor elementor-14874\" data-elementor-post-type=\"page\">\n\t\t\t\t\t\t<section class=\"elementor-section elementor-top-section elementor-element elementor-element-44a0d309 elementor-section-boxed elementor-section-height-default elementor-section-height-default\" data-id=\"44a0d309\" data-element_type=\"section\" data-settings=\"{&quot;background_background&quot;:&quot;classic&quot;}\">\n\t\t\t\t\t\t<div class=\"elementor-container elementor-column-gap-default\">\n\t\t\t\t\t<div class=\"elementor-column elementor-col-100 elementor-top-column elementor-element elementor-element-5e68ce5a\" data-id=\"5e68ce5a\" data-element_type=\"column\">\n\t\t\t<div class=\"elementor-widget-wrap elementor-element-populated\">\n\t\t\t\t\t\t<div class=\"elementor-element elementor-element-5fb33ebc elementor-widget elementor-widget-image\" data-id=\"5fb33ebc\" data-element_type=\"widget\" data-widget_type=\"image.default\">\n\t\t\t\t<div class=\"elementor-widget-container\">\n\t\t\t\t\t\t\t\t\t\t\t\t\t\t<a href=\"https:\/\/bartolomeulisandro.com.br\/bartolosistema\">\n\t\t\t\t\t\t\t<img decoding=\"async\" width=\"220\" height=\"66\" src=\"https:\/\/bartolomeulisandro.com.br\/bartolosistema\/wp-content\/uploads\/2023\/07\/5e695018681006ab019ca4ea_logo-aeroporto-.png\" class=\"attachment-large size-large wp-image-14785\" alt=\"\" \/>\t\t\t\t\t\t\t\t<\/a>\n\t\t\t\t\t\t\t\t\t\t\t\t\t<\/div>\n\t\t\t\t<\/div>\n\t\t\t\t<div class=\"elementor-element elementor-element-4c2b87db elementor-widget-divider--view-line_icon elementor-view-default elementor-widget-divider--element-align-center elementor-widget elementor-widget-divider\" data-id=\"4c2b87db\" data-element_type=\"widget\" data-widget_type=\"divider.default\">\n\t\t\t\t<div class=\"elementor-widget-container\">\n\t\t\t\t\t<div class=\"elementor-divider\">\n\t\t\t<span class=\"elementor-divider-separator\">\n\t\t\t\t\t\t\t<div class=\"elementor-icon elementor-divider__element\">\n\t\t\t\t\t<i aria-hidden=\"true\" class=\"fas fa-plane-departure\"><\/i><\/div>\n\t\t\t\t\t\t<\/span>\n\t\t<\/div>\n\t\t\t\t<\/div>\n\t\t\t\t<\/div>\n\t\t\t\t<div class=\"elementor-element elementor-element-69725704 elementor-widget elementor-widget-heading\" data-id=\"69725704\" data-element_type=\"widget\" data-widget_type=\"heading.default\">\n\t\t\t\t<div class=\"elementor-widget-container\">\n\t\t\t<h2 class=\"elementor-heading-title elementor-size-default\">Relato de Preven\u00e7\u00e3o (RELPREV)<\/h2>\t\t<\/div>\n\t\t\t\t<\/div>\n\t\t\t\t<div class=\"elementor-element elementor-element-59172372 elementor-widget elementor-widget-text-editor\" data-id=\"59172372\" data-element_type=\"widget\" data-widget_type=\"text-editor.default\">\n\t\t\t\t<div class=\"elementor-widget-container\">\n\t\t\t\t\t\t\t<p>O Relato de Preven\u00e7\u00e3o (RELPREV) \u00e9 um canal destinado ao recebimento de informa\u00e7\u00f5es sobre eventos, ocorr\u00eancias, condi\u00e7\u00f5es ou circunst\u00e2ncias que possam comprometer a seguran\u00e7a operacional das atividades aeroportu\u00e1rias. O relato pode ser enviado de forma an\u00f4nima ou identificada. Caso opte por se identificar, fornecendo seus dados pessoais e informa\u00e7\u00f5es de contato, voc\u00ea receber\u00e1 atualiza\u00e7\u00f5es sobre as medidas adotadas para eliminar, mitigar ou resolver a condi\u00e7\u00e3o de risco indicada.<\/p>\n<p>Para enviar seu relato, preencha o formul\u00e1rio abaixo.<\/p>\t\t\t\t\t\t<\/div>\n\t\t\t\t<\/div>\n\t\t\t\t<section class=\"elementor-section elementor-inner-section elementor-element elementor-element-5aaf6292 elementor-section-boxed elementor-section-height-default elementor-section-height-default\" data-id=\"5aaf6292\" data-element_type=\"section\">\n\t\t\t\t\t\t<div class=\"elementor-container elementor-column-gap-default\">\n\t\t\t\t\t<div class=\"elementor-column elementor-col-100 elementor-inner-column elementor-element elementor-element-719a337e\" data-id=\"719a337e\" data-element_type=\"column\" data-settings=\"{&quot;background_background&quot;:&quot;classic&quot;}\">\n\t\t\t<div class=\"elementor-widget-wrap elementor-element-populated\">\n\t\t\t\t\t\t<div class=\"elementor-element elementor-element-5d0b7fc2 elementor-button-align-start elementor-widget elementor-widget-form\" data-id=\"5d0b7fc2\" data-element_type=\"widget\" data-settings=\"{&quot;step_next_label&quot;:&quot;Next&quot;,&quot;step_previous_label&quot;:&quot;Previous&quot;,&quot;button_width&quot;:&quot;100&quot;,&quot;step_type&quot;:&quot;number_text&quot;,&quot;step_icon_shape&quot;:&quot;circle&quot;}\" data-widget_type=\"form.default\">\n\t\t\t\t<div class=\"elementor-widget-container\">\n\t\t\t\t\t<form class=\"elementor-form\" method=\"post\" name=\"Relato de Preven\u00e7\u00e3o (RELPREV)\">\n\t\t\t<input type=\"hidden\" name=\"post_id\" value=\"14874\"\/>\n\t\t\t<input type=\"hidden\" name=\"form_id\" value=\"5d0b7fc2\"\/>\n\t\t\t<input type=\"hidden\" name=\"referer_title\" value=\"\" \/>\n\n\t\t\t\n\t\t\t<div class=\"elementor-form-fields-wrapper elementor-labels-above\">\n\t\t\t\t\t\t\t\t<div class=\"elementor-field-type-html elementor-field-group elementor-column elementor-field-group-field_0132647 elementor-col-100\">\n\t\t\t\t\t<H5>Informa\u00e7\u00f5es para contato<h5>\t\t\t\t<\/div>\n\t\t\t\t\t\t\t\t<div class=\"elementor-field-type-text elementor-field-group elementor-column elementor-field-group-name elementor-col-50\">\n\t\t\t\t\t\t\t\t\t\t\t\t\t<input size=\"1\" type=\"text\" name=\"form_fields[name]\" id=\"form-field-name\" class=\"elementor-field elementor-size-sm  elementor-field-textual\" placeholder=\"Nome\">\n\t\t\t\t\t\t\t\t\t\t\t<\/div>\n\t\t\t\t\t\t\t\t<div class=\"elementor-field-type-text elementor-field-group elementor-column elementor-field-group-field_7c5cc96 elementor-col-50\">\n\t\t\t\t\t\t\t\t\t\t\t\t\t<input size=\"1\" type=\"text\" name=\"form_fields[field_7c5cc96]\" id=\"form-field-field_7c5cc96\" class=\"elementor-field elementor-size-sm  elementor-field-textual\" placeholder=\"Fun\u00e7\u00e3o\">\n\t\t\t\t\t\t\t\t\t\t\t<\/div>\n\t\t\t\t\t\t\t\t<div class=\"elementor-field-type-tel elementor-field-group elementor-column elementor-field-group-field_38bc347 elementor-col-25\">\n\t\t\t\t\t\t\t<input size=\"1\" type=\"tel\" name=\"form_fields[field_38bc347]\" id=\"form-field-field_38bc347\" class=\"elementor-field elementor-size-sm  elementor-field-textual\" placeholder=\"Telefone\" pattern=\"[0-9()#&amp;+*-=.]+\" title=\"Only numbers and phone characters (#, -, *, etc) are accepted.\">\n\n\t\t\t\t\t\t<\/div>\n\t\t\t\t\t\t\t\t<div class=\"elementor-field-type-email elementor-field-group elementor-column elementor-field-group-email elementor-col-75 elementor-field-required\">\n\t\t\t\t\t\t\t\t\t\t\t\t\t<input size=\"1\" type=\"email\" name=\"form_fields[email]\" id=\"form-field-email\" class=\"elementor-field elementor-size-sm  elementor-field-textual\" placeholder=\"Email\" required=\"required\" aria-required=\"true\">\n\t\t\t\t\t\t\t\t\t\t\t<\/div>\n\t\t\t\t\t\t\t\t<div class=\"elementor-field-type-html elementor-field-group elementor-column elementor-field-group-field_a20d930 elementor-col-100\">\n\t\t\t\t\t<H5>Detalhamento do relato<h5>\t\t\t\t<\/div>\n\t\t\t\t\t\t\t\t<div class=\"elementor-field-type-date elementor-field-group elementor-column elementor-field-group-field_3fff88d elementor-col-33 elementor-field-required\">\n\t\t\t\t\t\n\t\t<input type=\"date\" name=\"form_fields[field_3fff88d]\" id=\"form-field-field_3fff88d\" class=\"elementor-field elementor-size-sm  elementor-field-textual elementor-date-field\" placeholder=\"Data (*)\" required=\"required\" aria-required=\"true\" pattern=\"[0-9]{4}-[0-9]{2}-[0-9]{2}\">\n\t\t\t\t\t\t<\/div>\n\t\t\t\t\t\t\t\t<div class=\"elementor-field-type-time elementor-field-group elementor-column elementor-field-group-field_b2dabef elementor-col-33 elementor-field-required\">\n\t\t\t\t\t\t\t<input type=\"time\" name=\"form_fields[field_b2dabef]\" id=\"form-field-field_b2dabef\" class=\"elementor-field elementor-size-sm  elementor-field-textual elementor-time-field\" placeholder=\"Hor\u00e1rio (*)\" required=\"required\" aria-required=\"true\">\n\t\t\t\t\t\t<\/div>\n\t\t\t\t\t\t\t\t<div class=\"elementor-field-type-text elementor-field-group elementor-column elementor-field-group-field_2efd156 elementor-col-33 elementor-field-required\">\n\t\t\t\t\t\t\t\t\t\t\t\t\t<input size=\"1\" type=\"text\" name=\"form_fields[field_2efd156]\" id=\"form-field-field_2efd156\" class=\"elementor-field elementor-size-sm  elementor-field-textual\" placeholder=\"Pessoa ou aeronave envolvida (*)\" required=\"required\" aria-required=\"true\">\n\t\t\t\t\t\t\t\t\t\t\t<\/div>\n\t\t\t\t\t\t\t\t<div class=\"elementor-field-type-textarea elementor-field-group elementor-column elementor-field-group-field_454ea39 elementor-col-100\">\n\t\t\t\t\t<textarea class=\"elementor-field-textual elementor-field  elementor-size-sm\" name=\"form_fields[field_454ea39]\" id=\"form-field-field_454ea39\" rows=\"4\" placeholder=\"Descreva detalhadamente o ocorrido ou a situa\u00e7\u00e3o observada.\"><\/textarea>\t\t\t\t<\/div>\n\t\t\t\t\t\t\t\t<div class=\"elementor-field-type-html elementor-field-group elementor-column elementor-field-group-field_a98bbe6 elementor-col-100\">\n\t\t\t\t\tSe necess\u00e1rio, anexe documentos ou arquivos que possam auxiliar na an\u00e1lise do\nrelato.\t\t\t\t<\/div>\n\t\t\t\t\t\t\t\t<div class=\"elementor-field-type-upload elementor-field-group elementor-column elementor-field-group-field_36b6d0b elementor-col-100\">\n\t\t\t\t\t\t\t<input type=\"file\" name=\"form_fields[field_36b6d0b][]\" id=\"form-field-field_36b6d0b\" class=\"elementor-field elementor-size-sm  elementor-upload-field\" multiple=\"multiple\" data-maxsize=\"32\" data-maxsize-message=\"This file exceeds the maximum allowed size.\">\n\n\t\t\t\t\t\t<\/div>\n\t\t\t\t\t\t\t\t<div class=\"elementor-field-type-html elementor-field-group elementor-column elementor-field-group-field_18e9b90 elementor-col-100\">\n\t\t\t\t\tFormatos: PDF, Word, JPEG, PNG<br>\nLimite: At\u00e9 5 arquivos<br>\n\nTamanho M\u00e1ximo Total: 32MB\t\t\t\t<\/div>\n\t\t\t\t\t\t\t\t<div class=\"elementor-field-group elementor-column elementor-field-type-submit elementor-col-100 e-form__buttons\">\n\t\t\t\t\t<button class=\"elementor-button elementor-size-sm\" type=\"submit\">\n\t\t\t\t\t\t<span class=\"elementor-button-content-wrapper\">\n\t\t\t\t\t\t\t\t\t\t\t\t\t\t\t\t\t\t\t\t\t\t<span class=\"elementor-button-text\">Enviar<\/span>\n\t\t\t\t\t\t\t\t\t\t\t\t\t<\/span>\n\t\t\t\t\t<\/button>\n\t\t\t\t<\/div>\n\t\t\t<\/div>\n\t\t<\/form>\n\t\t\t\t<\/div>\n\t\t\t\t<\/div>\n\t\t\t\t\t<\/div>\n\t\t<\/div>\n\t\t\t\t\t<\/div>\n\t\t<\/section>\n\t\t\t\t\t<\/div>\n\t\t<\/div>\n\t\t\t\t\t<\/div>\n\t\t<\/section>\n\t\t\t\t<\/div>\n\t\t","protected":false},"excerpt":{"rendered":"<p>Relato de Preven\u00e7\u00e3o (RELPREV) O Relato de Preven\u00e7\u00e3o (RELPREV) \u00e9 um canal destinado ao recebimento de informa\u00e7\u00f5es sobre eventos, ocorr\u00eancias, condi\u00e7\u00f5es ou circunst\u00e2ncias que possam comprometer a seguran\u00e7a operacional das atividades aeroportu\u00e1rias. O relato pode ser enviado de forma an\u00f4nima ou identificada. Caso opte por se identificar, fornecendo seus dados pessoais e informa\u00e7\u00f5es de contato, [&hellip;]<\/p>\n","protected":false},"author":188,"featured_media":0,"parent":0,"menu_order":2,"comment_status":"closed","ping_status":"closed","template":"elementor_canvas","meta":{"footnotes":""},"class_list":["post-14874","page","type-page","status-publish","hentry"],"_links":{"self":[{"href":"https:\/\/bartolomeulisandro.com.br\/bartolosistema\/wp-json\/wp\/v2\/pages\/14874","targetHints":{"allow":["GET"]}}],"collection":[{"href":"https:\/\/bartolomeulisandro.com.br\/bartolosistema\/wp-json\/wp\/v2\/pages"}],"about":[{"href":"https:\/\/bartolomeulisandro.com.br\/bartolosistema\/wp-json\/wp\/v2\/types\/page"}],"author":[{"embeddable":true,"href":"https:\/\/bartolomeulisandro.com.br\/bartolosistema\/wp-json\/wp\/v2\/users\/188"}],"replies":[{"embeddable":true,"href":"https:\/\/bartolomeulisandro.com.br\/bartolosistema\/wp-json\/wp\/v2\/comments?post=14874"}],"version-history":[{"count":10,"href":"https:\/\/bartolomeulisandro.com.br\/bartolosistema\/wp-json\/wp\/v2\/pages\/14874\/revisions"}],"predecessor-version":[{"id":14934,"href":"https:\/\/bartolomeulisandro.com.br\/bartolosistema\/wp-json\/wp\/v2\/pages\/14874\/revisions\/14934"}],"wp:attachment":[{"href":"https:\/\/bartolomeulisandro.com.br\/bartolosistema\/wp-json\/wp\/v2\/media?parent=14874"}],"curies":[{"name":"wp","href":"https:\/\/api.w.org\/{rel}","templated":true}]}}